{"id":52,"date":"2024-05-01T00:42:36","date_gmt":"2024-04-30T22:42:36","guid":{"rendered":"https:\/\/cordeliaalegre.com\/?page_id=52"},"modified":"2025-07-17T17:45:10","modified_gmt":"2025-07-17T15:45:10","slug":"proyectos","status":"publish","type":"page","link":"https:\/\/cordeliaalegre.com\/en\/proyectos\/","title":{"rendered":"Projects"},"content":{"rendered":"<div data-elementor-type=\"wp-page\" data-elementor-id=\"52\" class=\"elementor elementor-52\" data-elementor-post-type=\"page\">\n\t\t\t\t<div class=\"elementor-element elementor-element-ad7d0aa e-con-full e-flex wpr-particle-no wpr-jarallax-no wpr-parallax-no wpr-sticky-section-no e-con e-parent\" data-id=\"ad7d0aa\" data-element_type=\"container\">\n\t\t\t\t<div class=\"elementor-element elementor-element-82a9722 elementor-widget-divider--view-line elementor-widget elementor-widget-divider\" data-id=\"82a9722\" data-element_type=\"widget\" data-widget_type=\"divider.default\">\n\t\t\t\t\t\t\t<div class=\"elementor-divider\">\n\t\t\t<span class=\"elementor-divider-separator\">\n\t\t\t\t\t\t<\/span>\n\t\t<\/div>\n\t\t\t\t\t\t<\/div>\n\t\t\t\t<div class=\"elementor-element elementor-element-1b8ff25 elementor-hidden-desktop elementor-hidden-tablet elementor-hidden-mobile elementor-widget elementor-widget-image\" data-id=\"1b8ff25\" data-element_type=\"widget\" data-widget_type=\"image.default\">\n\t\t\t\t\t\t\t\t\t\t\t\t\t\t\t<img fetchpriority=\"high\" decoding=\"async\" width=\"800\" height=\"144\" src=\"https:\/\/cordeliaalegre.com\/wp-content\/uploads\/2024\/05\/02.png\" class=\"attachment-large size-large wp-image-59\" alt=\"\" srcset=\"https:\/\/cordeliaalegre.com\/wp-content\/uploads\/2024\/05\/02.png 952w, https:\/\/cordeliaalegre.com\/wp-content\/uploads\/2024\/05\/02-300x54.png 300w, https:\/\/cordeliaalegre.com\/wp-content\/uploads\/2024\/05\/02-768x138.png 768w\" sizes=\"(max-width: 800px) 100vw, 800px\" \/>\t\t\t\t\t\t\t\t\t\t\t\t\t\t\t<\/div>\n\t\t\t\t<div class=\"elementor-element elementor-element-9f91b59 elementor-widget elementor-widget-heading\" data-id=\"9f91b59\" data-element_type=\"widget\" data-widget_type=\"heading.default\">\n\t\t\t\t\t<h2 class=\"elementor-heading-title elementor-size-default\">Projects<\/h2>\t\t\t\t<\/div>\n\t\t\t\t<div class=\"elementor-element elementor-element-029c12f e-n-tabs-mobile elementor-widget elementor-widget-n-tabs\" data-id=\"029c12f\" data-element_type=\"widget\" data-settings=\"{&quot;horizontal_scroll&quot;:&quot;disable&quot;}\" data-widget_type=\"nested-tabs.default\">\n\t\t\t\t\t\t\t<div class=\"e-n-tabs\" data-widget-number=\"2736431\" aria-label=\"Pesta\u00f1as. Abre elementos con Intro o Espacio, ci\u00e9rralos con Escape y navega con las fechas.\">\n\t\t\t<div class=\"e-n-tabs-heading\" role=\"tablist\">\n\t\t\t\t\t<button id=\"e-n-tab-title-27364311\" class=\"e-n-tab-title\" aria-selected=\"true\" data-tab-index=\"1\" role=\"tab\" tabindex=\"0\" aria-controls=\"e-n-tab-content-27364311\" style=\"--n-tabs-title-order: 1;\">\n\t\t\t\t\t\t<span class=\"e-n-tab-title-text\">\n\t\t\t\tCinema\t\t\t<\/span>\n\t\t<\/button>\n\t\t\t\t<button id=\"e-n-tab-title-27364312\" class=\"e-n-tab-title\" aria-selected=\"false\" data-tab-index=\"2\" role=\"tab\" tabindex=\"-1\" aria-controls=\"e-n-tab-content-27364312\" style=\"--n-tabs-title-order: 2;\">\n\t\t\t\t\t\t<span class=\"e-n-tab-title-text\">\n\t\t\t\tAudiovisual\t\t\t<\/span>\n\t\t<\/button>\n\t\t\t\t\t<\/div>\n\t\t\t<div class=\"e-n-tabs-content\">\n\t\t\t\t<div id=\"e-n-tab-content-27364311\" role=\"tabpanel\" aria-labelledby=\"e-n-tab-title-27364311\" data-tab-index=\"1\" style=\"--n-tabs-title-order: 1;\" class=\"e-active elementor-element elementor-element-5238972 e-con-full e-flex wpr-particle-no wpr-jarallax-no wpr-parallax-no wpr-sticky-section-no e-con e-child\" data-id=\"5238972\" data-element_type=\"container\">\n\t\t<div class=\"elementor-element elementor-element-6cd5a0d e-con-full e-flex wpr-particle-no wpr-jarallax-no wpr-parallax-no wpr-sticky-section-no e-con e-child\" data-id=\"6cd5a0d\" data-element_type=\"container\">\n\t\t\t\t<div class=\"elementor-element elementor-element-b910df5 elementor-grid-4 elementor-grid-tablet-2 elementor-grid-mobile-1 elementor-posts--thumbnail-top elementor-widget elementor-widget-posts\" data-id=\"b910df5\" data-element_type=\"widget\" data-settings=\"{&quot;classic_columns&quot;:&quot;4&quot;,&quot;classic_row_gap&quot;:{&quot;unit&quot;:&quot;px&quot;,&quot;size&quot;:0,&quot;sizes&quot;:[]},&quot;pagination_type&quot;:&quot;load_more_infinite_scroll&quot;,&quot;classic_columns_tablet&quot;:&quot;2&quot;,&quot;classic_columns_mobile&quot;:&quot;1&quot;,&quot;classic_row_gap_tablet&quot;:{&quot;unit&quot;:&quot;px&quot;,&quot;size&quot;:&quot;&quot;,&quot;sizes&quot;:[]},&quot;classic_row_gap_mobile&quot;:{&quot;unit&quot;:&quot;px&quot;,&quot;size&quot;:&quot;&quot;,&quot;sizes&quot;:[]},&quot;load_more_spinner&quot;:{&quot;value&quot;:&quot;fas fa-spinner&quot;,&quot;library&quot;:&quot;fa-solid&quot;}}\" data-widget_type=\"posts.classic\">\n\t\t\t\t<div class=\"elementor-widget-container\">\n\t\t\t\t\t\t\t<div class=\"elementor-posts-container elementor-posts elementor-posts--skin-classic elementor-grid\" role=\"list\">\n\t\t\t\t<article class=\"elementor-post elementor-grid-item post-801 trabajo type-trabajo status-publish has-post-thumbnail hentry categoria_proyectos-cine\" role=\"listitem\">\n\t\t\t\t<a class=\"elementor-post__thumbnail__link\" href=\"https:\/\/cordeliaalegre.com\/en\/trabajo\/la-distancia-de-los-nombres-largometraje-documental\/\" tabindex=\"-1\" target=\"&quot;_blank&quot;\">\n\t\t\t<div class=\"elementor-post__thumbnail\"><img decoding=\"async\" width=\"1432\" height=\"798\" src=\"https:\/\/cordeliaalegre.com\/wp-content\/uploads\/2024\/08\/distancia-1-1.jpg\" class=\"attachment-full size-full wp-image-798\" alt=\"\" srcset=\"https:\/\/cordeliaalegre.com\/wp-content\/uploads\/2024\/08\/distancia-1-1.jpg 1432w, https:\/\/cordeliaalegre.com\/wp-content\/uploads\/2024\/08\/distancia-1-1-300x167.jpg 300w, https:\/\/cordeliaalegre.com\/wp-content\/uploads\/2024\/08\/distancia-1-1-1024x571.jpg 1024w, https:\/\/cordeliaalegre.com\/wp-content\/uploads\/2024\/08\/distancia-1-1-768x428.jpg 768w, https:\/\/cordeliaalegre.com\/wp-content\/uploads\/2024\/08\/distancia-1-1-18x10.jpg 18w\" sizes=\"(max-width: 1432px) 100vw, 1432px\" \/><\/div>\n\t\t<\/a>\n\t\t\t\t<div class=\"elementor-post__text\">\n\t\t\t\t<h3 class=\"elementor-post__title\">\n\t\t\t<a href=\"https:\/\/cordeliaalegre.com\/en\/trabajo\/la-distancia-de-los-nombres-largometraje-documental\/\" target=\"&quot;_blank&quot;\">\n\t\t\t\tLA DISTANCIA DE LOS NOMBRES &#8211; largometraje documental\t\t\t<\/a>\n\t\t<\/h3>\n\t\t\t\t<\/div>\n\t\t\t\t<\/article>\n\t\t\t\t<article class=\"elementor-post elementor-grid-item post-617 trabajo type-trabajo status-publish has-post-thumbnail hentry categoria_proyectos-cine\" role=\"listitem\">\n\t\t\t\t<a class=\"elementor-post__thumbnail__link\" href=\"https:\/\/cordeliaalegre.com\/en\/trabajo\/el-norte\/\" tabindex=\"-1\" target=\"&quot;_blank&quot;\">\n\t\t\t<div class=\"elementor-post__thumbnail\"><img decoding=\"async\" width=\"1000\" height=\"541\" src=\"https:\/\/cordeliaalegre.com\/wp-content\/uploads\/2024\/05\/185_1.25.1.webp\" class=\"attachment-full size-full wp-image-621\" alt=\"\" srcset=\"https:\/\/cordeliaalegre.com\/wp-content\/uploads\/2024\/05\/185_1.25.1.webp 1000w, https:\/\/cordeliaalegre.com\/wp-content\/uploads\/2024\/05\/185_1.25.1-300x162.webp 300w, https:\/\/cordeliaalegre.com\/wp-content\/uploads\/2024\/05\/185_1.25.1-768x415.webp 768w\" sizes=\"(max-width: 1000px) 100vw, 1000px\" \/><\/div>\n\t\t<\/a>\n\t\t\t\t<div class=\"elementor-post__text\">\n\t\t\t\t<h3 class=\"elementor-post__title\">\n\t\t\t<a href=\"https:\/\/cordeliaalegre.com\/en\/trabajo\/el-norte\/\" target=\"&quot;_blank&quot;\">\n\t\t\t\tThe North\t\t\t<\/a>\n\t\t<\/h3>\n\t\t\t\t<\/div>\n\t\t\t\t<\/article>\n\t\t\t\t<article class=\"elementor-post elementor-grid-item post-582 trabajo type-trabajo status-publish has-post-thumbnail hentry categoria_proyectos-cine\" role=\"listitem\">\n\t\t\t\t<a class=\"elementor-post__thumbnail__link\" href=\"https:\/\/cordeliaalegre.com\/en\/trabajo\/la-union\/\" tabindex=\"-1\" target=\"&quot;_blank&quot;\">\n\t\t\t<div class=\"elementor-post__thumbnail\"><img loading=\"lazy\" decoding=\"async\" width=\"2100\" height=\"1400\" src=\"https:\/\/cordeliaalegre.com\/wp-content\/uploads\/2024\/05\/Negative0-33-32A1.jpg\" class=\"attachment-full size-full wp-image-926\" alt=\"\" srcset=\"https:\/\/cordeliaalegre.com\/wp-content\/uploads\/2024\/05\/Negative0-33-32A1.jpg 2100w, https:\/\/cordeliaalegre.com\/wp-content\/uploads\/2024\/05\/Negative0-33-32A1-300x200.jpg 300w, https:\/\/cordeliaalegre.com\/wp-content\/uploads\/2024\/05\/Negative0-33-32A1-1024x683.jpg 1024w, https:\/\/cordeliaalegre.com\/wp-content\/uploads\/2024\/05\/Negative0-33-32A1-768x512.jpg 768w, https:\/\/cordeliaalegre.com\/wp-content\/uploads\/2024\/05\/Negative0-33-32A1-1536x1024.jpg 1536w, https:\/\/cordeliaalegre.com\/wp-content\/uploads\/2024\/05\/Negative0-33-32A1-2048x1365.jpg 2048w, https:\/\/cordeliaalegre.com\/wp-content\/uploads\/2024\/05\/Negative0-33-32A1-18x12.jpg 18w\" sizes=\"(max-width: 2100px) 100vw, 2100px\" \/><\/div>\n\t\t<\/a>\n\t\t\t\t<div class=\"elementor-post__text\">\n\t\t\t\t<h3 class=\"elementor-post__title\">\n\t\t\t<a href=\"https:\/\/cordeliaalegre.com\/en\/trabajo\/la-union\/\" target=\"&quot;_blank&quot;\">\n\t\t\t\tThe Union\t\t\t<\/a>\n\t\t<\/h3>\n\t\t\t\t<\/div>\n\t\t\t\t<\/article>\n\t\t\t\t<article class=\"elementor-post elementor-grid-item post-160 trabajo type-trabajo status-publish has-post-thumbnail hentry categoria_proyectos-cine\" role=\"listitem\">\n\t\t\t\t<a class=\"elementor-post__thumbnail__link\" href=\"https:\/\/cordeliaalegre.com\/en\/trabajo\/mestral\/\" tabindex=\"-1\" target=\"&quot;_blank&quot;\">\n\t\t\t<div class=\"elementor-post__thumbnail\"><img loading=\"lazy\" decoding=\"async\" width=\"984\" height=\"783\" src=\"https:\/\/cordeliaalegre.com\/wp-content\/uploads\/2024\/05\/04.png\" class=\"attachment-full size-full wp-image-61\" alt=\"\" srcset=\"https:\/\/cordeliaalegre.com\/wp-content\/uploads\/2024\/05\/04.png 984w, https:\/\/cordeliaalegre.com\/wp-content\/uploads\/2024\/05\/04-300x239.png 300w, https:\/\/cordeliaalegre.com\/wp-content\/uploads\/2024\/05\/04-768x611.png 768w\" sizes=\"(max-width: 984px) 100vw, 984px\" \/><\/div>\n\t\t<\/a>\n\t\t\t\t<div class=\"elementor-post__text\">\n\t\t\t\t<h3 class=\"elementor-post__title\">\n\t\t\t<a href=\"https:\/\/cordeliaalegre.com\/en\/trabajo\/mestral\/\" target=\"&quot;_blank&quot;\">\n\t\t\t\tMestral\t\t\t<\/a>\n\t\t<\/h3>\n\t\t\t\t<\/div>\n\t\t\t\t<\/article>\n\t\t\t\t<\/div>\n\t\t\t\t\t<span class=\"e-load-more-spinner\">\n\t\t\t\t<svg aria-hidden=\"true\" class=\"e-font-icon-svg e-fas-spinner\" viewbox=\"0 0 512 512\" xmlns=\"http:\/\/www.w3.org\/2000\/svg\"><path d=\"M304 48c0 26.51-21.49 48-48 48s-48-21.49-48-48 21.49-48 48-48 48 21.49 48 48zm-48 368c-26.51 0-48 21.49-48 48s21.49 48 48 48 48-21.49 48-48-21.49-48-48-48zm208-208c-26.51 0-48 21.49-48 48s21.49 48 48 48 48-21.49 48-48-21.49-48-48-48zM96 256c0-26.51-21.49-48-48-48S0 229.49 0 256s21.49 48 48 48 48-21.49 48-48zm12.922 99.078c-26.51 0-48 21.49-48 48s21.49 48 48 48 48-21.49 48-48c0-26.509-21.491-48-48-48zm294.156 0c-26.51 0-48 21.49-48 48s21.49 48 48 48 48-21.49 48-48c0-26.509-21.49-48-48-48zM108.922 60.922c-26.51 0-48 21.49-48 48s21.49 48 48 48 48-21.49 48-48-21.491-48-48-48z\"><\/path><\/svg>\t\t\t<\/span>\n\t\t\n\t\t\t\t\t\t<\/div>\n\t\t\t\t<\/div>\n\t\t\t\t<\/div>\n\t\t\t\t<\/div>\n\t\t<div id=\"e-n-tab-content-27364312\" role=\"tabpanel\" aria-labelledby=\"e-n-tab-title-27364312\" data-tab-index=\"2\" style=\"--n-tabs-title-order: 2;\" class=\"elementor-element elementor-element-799ad65 e-con-full e-flex wpr-particle-no wpr-jarallax-no wpr-parallax-no wpr-sticky-section-no e-con e-child\" data-id=\"799ad65\" data-element_type=\"container\">\n\t\t\t\t<div class=\"elementor-element elementor-element-2cfad54 elementor-grid-4 elementor-grid-tablet-2 elementor-grid-mobile-1 elementor-posts--thumbnail-top elementor-widget elementor-widget-posts\" data-id=\"2cfad54\" data-element_type=\"widget\" data-settings=\"{&quot;classic_columns&quot;:&quot;4&quot;,&quot;classic_row_gap&quot;:{&quot;unit&quot;:&quot;px&quot;,&quot;size&quot;:0,&quot;sizes&quot;:[]},&quot;classic_columns_tablet&quot;:&quot;2&quot;,&quot;classic_columns_mobile&quot;:&quot;1&quot;,&quot;classic_row_gap_tablet&quot;:{&quot;unit&quot;:&quot;px&quot;,&quot;size&quot;:&quot;&quot;,&quot;sizes&quot;:[]},&quot;classic_row_gap_mobile&quot;:{&quot;unit&quot;:&quot;px&quot;,&quot;size&quot;:&quot;&quot;,&quot;sizes&quot;:[]}}\" data-widget_type=\"posts.classic\">\n\t\t\t\t<div class=\"elementor-widget-container\">\n\t\t\t\t\t\t\t<div class=\"elementor-posts-container elementor-posts elementor-posts--skin-classic elementor-grid\" role=\"list\">\n\t\t\t\t<article class=\"elementor-post elementor-grid-item post-865 trabajo type-trabajo status-publish has-post-thumbnail hentry categoria_proyectos-audiovisual\" role=\"listitem\">\n\t\t\t\t<a class=\"elementor-post__thumbnail__link\" href=\"https:\/\/cordeliaalegre.com\/en\/trabajo\/cor-bruckner-al-palau-de-la-musica-catalana\/\" tabindex=\"-1\" target=\"&quot;_blank&quot;\">\n\t\t\t<div class=\"elementor-post__thumbnail\"><img loading=\"lazy\" decoding=\"async\" width=\"1500\" height=\"816\" src=\"https:\/\/cordeliaalegre.com\/wp-content\/uploads\/2024\/08\/CorBruckner.webp\" class=\"attachment-full size-full wp-image-866\" alt=\"\" srcset=\"https:\/\/cordeliaalegre.com\/wp-content\/uploads\/2024\/08\/CorBruckner.webp 1500w, https:\/\/cordeliaalegre.com\/wp-content\/uploads\/2024\/08\/CorBruckner-300x163.webp 300w, https:\/\/cordeliaalegre.com\/wp-content\/uploads\/2024\/08\/CorBruckner-1024x557.webp 1024w, https:\/\/cordeliaalegre.com\/wp-content\/uploads\/2024\/08\/CorBruckner-768x418.webp 768w, https:\/\/cordeliaalegre.com\/wp-content\/uploads\/2024\/08\/CorBruckner-18x10.webp 18w\" sizes=\"(max-width: 1500px) 100vw, 1500px\" \/><\/div>\n\t\t<\/a>\n\t\t\t\t<div class=\"elementor-post__text\">\n\t\t\t\t<h3 class=\"elementor-post__title\">\n\t\t\t<a href=\"https:\/\/cordeliaalegre.com\/en\/trabajo\/cor-bruckner-al-palau-de-la-musica-catalana\/\" target=\"&quot;_blank&quot;\">\n\t\t\t\tCor Bruckner al Palau de la M\u00fasica Catalana\t\t\t<\/a>\n\t\t<\/h3>\n\t\t\t\t<\/div>\n\t\t\t\t<\/article>\n\t\t\t\t<article class=\"elementor-post elementor-grid-item post-862 trabajo type-trabajo status-publish has-post-thumbnail hentry categoria_proyectos-audiovisual\" role=\"listitem\">\n\t\t\t\t<a class=\"elementor-post__thumbnail__link\" href=\"https:\/\/cordeliaalegre.com\/en\/trabajo\/classica-a-la-platja-2023\/\" tabindex=\"-1\" target=\"&quot;_blank&quot;\">\n\t\t\t<div class=\"elementor-post__thumbnail\"><img loading=\"lazy\" decoding=\"async\" width=\"1500\" height=\"1001\" src=\"https:\/\/cordeliaalegre.com\/wp-content\/uploads\/2024\/08\/CLASSICAPLATJA2023.webp\" class=\"attachment-full size-full wp-image-863\" alt=\"\" srcset=\"https:\/\/cordeliaalegre.com\/wp-content\/uploads\/2024\/08\/CLASSICAPLATJA2023.webp 1500w, https:\/\/cordeliaalegre.com\/wp-content\/uploads\/2024\/08\/CLASSICAPLATJA2023-300x200.webp 300w, https:\/\/cordeliaalegre.com\/wp-content\/uploads\/2024\/08\/CLASSICAPLATJA2023-1024x683.webp 1024w, https:\/\/cordeliaalegre.com\/wp-content\/uploads\/2024\/08\/CLASSICAPLATJA2023-768x513.webp 768w, https:\/\/cordeliaalegre.com\/wp-content\/uploads\/2024\/08\/CLASSICAPLATJA2023-18x12.webp 18w\" sizes=\"(max-width: 1500px) 100vw, 1500px\" \/><\/div>\n\t\t<\/a>\n\t\t\t\t<div class=\"elementor-post__text\">\n\t\t\t\t<h3 class=\"elementor-post__title\">\n\t\t\t<a href=\"https:\/\/cordeliaalegre.com\/en\/trabajo\/classica-a-la-platja-2023\/\" target=\"&quot;_blank&quot;\">\n\t\t\t\tCl\u00e0ssica a la platja 2023\t\t\t<\/a>\n\t\t<\/h3>\n\t\t\t\t<\/div>\n\t\t\t\t<\/article>\n\t\t\t\t<article class=\"elementor-post elementor-grid-item post-859 trabajo type-trabajo status-publish has-post-thumbnail hentry categoria_proyectos-audiovisual\" role=\"listitem\">\n\t\t\t\t<a class=\"elementor-post__thumbnail__link\" href=\"https:\/\/cordeliaalegre.com\/en\/trabajo\/quartet-cosmos-string-quartet-n1-by-octavi-rumbau\/\" tabindex=\"-1\" target=\"&quot;_blank&quot;\">\n\t\t\t<div class=\"elementor-post__thumbnail\"><img loading=\"lazy\" decoding=\"async\" width=\"1500\" height=\"624\" src=\"https:\/\/cordeliaalegre.com\/wp-content\/uploads\/2024\/08\/QuartetCosmosOctaviRumbau.webp\" class=\"attachment-full size-full wp-image-860\" alt=\"\" srcset=\"https:\/\/cordeliaalegre.com\/wp-content\/uploads\/2024\/08\/QuartetCosmosOctaviRumbau.webp 1500w, https:\/\/cordeliaalegre.com\/wp-content\/uploads\/2024\/08\/QuartetCosmosOctaviRumbau-300x125.webp 300w, https:\/\/cordeliaalegre.com\/wp-content\/uploads\/2024\/08\/QuartetCosmosOctaviRumbau-1024x426.webp 1024w, https:\/\/cordeliaalegre.com\/wp-content\/uploads\/2024\/08\/QuartetCosmosOctaviRumbau-768x319.webp 768w, https:\/\/cordeliaalegre.com\/wp-content\/uploads\/2024\/08\/QuartetCosmosOctaviRumbau-18x7.webp 18w\" sizes=\"(max-width: 1500px) 100vw, 1500px\" \/><\/div>\n\t\t<\/a>\n\t\t\t\t<div class=\"elementor-post__text\">\n\t\t\t\t<h3 class=\"elementor-post__title\">\n\t\t\t<a href=\"https:\/\/cordeliaalegre.com\/en\/trabajo\/quartet-cosmos-string-quartet-n1-by-octavi-rumbau\/\" target=\"&quot;_blank&quot;\">\n\t\t\t\tQuartet Cosmos String Quartet n1 by Octavi Rumbau\t\t\t<\/a>\n\t\t<\/h3>\n\t\t\t\t<\/div>\n\t\t\t\t<\/article>\n\t\t\t\t<article class=\"elementor-post elementor-grid-item post-856 trabajo type-trabajo status-publish has-post-thumbnail hentry categoria_proyectos-audiovisual\" role=\"listitem\">\n\t\t\t\t<a class=\"elementor-post__thumbnail__link\" href=\"https:\/\/cordeliaalegre.com\/en\/trabajo\/quartet-cosmos-influences-ii\/\" tabindex=\"-1\" target=\"&quot;_blank&quot;\">\n\t\t\t<div class=\"elementor-post__thumbnail\"><img loading=\"lazy\" decoding=\"async\" width=\"1500\" height=\"818\" src=\"https:\/\/cordeliaalegre.com\/wp-content\/uploads\/2024\/08\/QuartetCosmosInfluencesII.jpg\" class=\"attachment-full size-full wp-image-857\" alt=\"\" srcset=\"https:\/\/cordeliaalegre.com\/wp-content\/uploads\/2024\/08\/QuartetCosmosInfluencesII.jpg 1500w, https:\/\/cordeliaalegre.com\/wp-content\/uploads\/2024\/08\/QuartetCosmosInfluencesII-300x164.jpg 300w, https:\/\/cordeliaalegre.com\/wp-content\/uploads\/2024\/08\/QuartetCosmosInfluencesII-1024x558.jpg 1024w, https:\/\/cordeliaalegre.com\/wp-content\/uploads\/2024\/08\/QuartetCosmosInfluencesII-768x419.jpg 768w, https:\/\/cordeliaalegre.com\/wp-content\/uploads\/2024\/08\/QuartetCosmosInfluencesII-18x10.jpg 18w\" sizes=\"(max-width: 1500px) 100vw, 1500px\" \/><\/div>\n\t\t<\/a>\n\t\t\t\t<div class=\"elementor-post__text\">\n\t\t\t\t<h3 class=\"elementor-post__title\">\n\t\t\t<a href=\"https:\/\/cordeliaalegre.com\/en\/trabajo\/quartet-cosmos-influences-ii\/\" target=\"&quot;_blank&quot;\">\n\t\t\t\tQuartet Cosmos Influences II\t\t\t<\/a>\n\t\t<\/h3>\n\t\t\t\t<\/div>\n\t\t\t\t<\/article>\n\t\t\t\t<article class=\"elementor-post elementor-grid-item post-853 trabajo type-trabajo status-publish has-post-thumbnail hentry categoria_proyectos-audiovisual\" role=\"listitem\">\n\t\t\t\t<a class=\"elementor-post__thumbnail__link\" href=\"https:\/\/cordeliaalegre.com\/en\/trabajo\/off-stage-ludovic-morlot\/\" tabindex=\"-1\" target=\"&quot;_blank&quot;\">\n\t\t\t<div class=\"elementor-post__thumbnail\"><img loading=\"lazy\" decoding=\"async\" width=\"3024\" height=\"1690\" src=\"https:\/\/cordeliaalegre.com\/wp-content\/uploads\/2024\/08\/OFFSTAGELudovicMorlot.png\" class=\"attachment-full size-full wp-image-854\" alt=\"\" srcset=\"https:\/\/cordeliaalegre.com\/wp-content\/uploads\/2024\/08\/OFFSTAGELudovicMorlot.png 3024w, https:\/\/cordeliaalegre.com\/wp-content\/uploads\/2024\/08\/OFFSTAGELudovicMorlot-300x168.png 300w, https:\/\/cordeliaalegre.com\/wp-content\/uploads\/2024\/08\/OFFSTAGELudovicMorlot-1024x572.png 1024w, https:\/\/cordeliaalegre.com\/wp-content\/uploads\/2024\/08\/OFFSTAGELudovicMorlot-768x429.png 768w, https:\/\/cordeliaalegre.com\/wp-content\/uploads\/2024\/08\/OFFSTAGELudovicMorlot-1536x858.png 1536w, https:\/\/cordeliaalegre.com\/wp-content\/uploads\/2024\/08\/OFFSTAGELudovicMorlot-2048x1145.png 2048w, https:\/\/cordeliaalegre.com\/wp-content\/uploads\/2024\/08\/OFFSTAGELudovicMorlot-18x10.png 18w\" sizes=\"(max-width: 3024px) 100vw, 3024px\" \/><\/div>\n\t\t<\/a>\n\t\t\t\t<div class=\"elementor-post__text\">\n\t\t\t\t<h3 class=\"elementor-post__title\">\n\t\t\t<a href=\"https:\/\/cordeliaalegre.com\/en\/trabajo\/off-stage-ludovic-morlot\/\" target=\"&quot;_blank&quot;\">\n\t\t\t\tOFF Stage: Ludovic Morlot\t\t\t<\/a>\n\t\t<\/h3>\n\t\t\t\t<\/div>\n\t\t\t\t<\/article>\n\t\t\t\t<article class=\"elementor-post elementor-grid-item post-850 trabajo type-trabajo status-publish has-post-thumbnail hentry categoria_proyectos-audiovisual\" role=\"listitem\">\n\t\t\t\t<a class=\"elementor-post__thumbnail__link\" href=\"https:\/\/cordeliaalegre.com\/en\/trabajo\/lauditori-play\/\" tabindex=\"-1\" target=\"&quot;_blank&quot;\">\n\t\t\t<div class=\"elementor-post__thumbnail\"><img loading=\"lazy\" decoding=\"async\" width=\"3024\" height=\"1668\" src=\"https:\/\/cordeliaalegre.com\/wp-content\/uploads\/2024\/08\/LAUDITORI-PLAY.png\" class=\"attachment-full size-full wp-image-851\" alt=\"\" srcset=\"https:\/\/cordeliaalegre.com\/wp-content\/uploads\/2024\/08\/LAUDITORI-PLAY.png 3024w, https:\/\/cordeliaalegre.com\/wp-content\/uploads\/2024\/08\/LAUDITORI-PLAY-300x165.png 300w, https:\/\/cordeliaalegre.com\/wp-content\/uploads\/2024\/08\/LAUDITORI-PLAY-1024x565.png 1024w, https:\/\/cordeliaalegre.com\/wp-content\/uploads\/2024\/08\/LAUDITORI-PLAY-768x424.png 768w, https:\/\/cordeliaalegre.com\/wp-content\/uploads\/2024\/08\/LAUDITORI-PLAY-1536x847.png 1536w, https:\/\/cordeliaalegre.com\/wp-content\/uploads\/2024\/08\/LAUDITORI-PLAY-2048x1130.png 2048w, https:\/\/cordeliaalegre.com\/wp-content\/uploads\/2024\/08\/LAUDITORI-PLAY-18x10.png 18w\" sizes=\"(max-width: 3024px) 100vw, 3024px\" \/><\/div>\n\t\t<\/a>\n\t\t\t\t<div class=\"elementor-post__text\">\n\t\t\t\t<h3 class=\"elementor-post__title\">\n\t\t\t<a href=\"https:\/\/cordeliaalegre.com\/en\/trabajo\/lauditori-play\/\" target=\"&quot;_blank&quot;\">\n\t\t\t\tL&#039;auditori Play\t\t\t<\/a>\n\t\t<\/h3>\n\t\t\t\t<\/div>\n\t\t\t\t<\/article>\n\t\t\t\t<\/div>\n\t\t\n\t\t\t\t\t\t<\/div>\n\t\t\t\t<\/div>\n\t\t\t\t<\/div>\n\t\t\t\t\t<\/div>\n\t\t<\/div>\n\t\t\t\t\t\t<\/div>\n\t\t\t\t<div class=\"elementor-element elementor-element-a9ac913 elementor-widget-divider--view-line elementor-widget elementor-widget-divider\" data-id=\"a9ac913\" data-element_type=\"widget\" data-widget_type=\"divider.default\">\n\t\t\t\t\t\t\t<div class=\"elementor-divider\">\n\t\t\t<span class=\"elementor-divider-separator\">\n\t\t\t\t\t\t<\/span>\n\t\t<\/div>\n\t\t\t\t\t\t<\/div>\n\t\t\t\t<\/div>\n\t\t\t\t<\/div>","protected":false},"excerpt":{"rendered":"<p>Proyectos Cine Audiovisual LA DISTANCIA DE LOS NOMBRES &#8211; largometraje documental El Norte La Uni\u00f3n Mestral Cor Bruckner al Palau de la M\u00fasica Catalana Cl\u00e0ssica a la platja 2023 Quartet Cosmos String Quartet n1 by Octavi Rumbau Quartet Cosmos Influences II OFF Stage: Ludovic Morlot L\u2019Auditori Play<\/p>","protected":false},"author":3,"featured_media":0,"parent":0,"menu_order":0,"comment_status":"closed","ping_status":"closed","template":"elementor_header_footer","meta":{"_acf_changed":false,"footnotes":""},"class_list":["post-52","page","type-page","status-publish","hentry"],"acf":[],"_links":{"self":[{"href":"https:\/\/cordeliaalegre.com\/en\/wp-json\/wp\/v2\/pages\/52","targetHints":{"allow":["GET"]}}],"collection":[{"href":"https:\/\/cordeliaalegre.com\/en\/wp-json\/wp\/v2\/pages"}],"about":[{"href":"https:\/\/cordeliaalegre.com\/en\/wp-json\/wp\/v2\/types\/page"}],"author":[{"embeddable":true,"href":"https:\/\/cordeliaalegre.com\/en\/wp-json\/wp\/v2\/users\/3"}],"replies":[{"embeddable":true,"href":"https:\/\/cordeliaalegre.com\/en\/wp-json\/wp\/v2\/comments?post=52"}],"version-history":[{"count":0,"href":"https:\/\/cordeliaalegre.com\/en\/wp-json\/wp\/v2\/pages\/52\/revisions"}],"wp:attachment":[{"href":"https:\/\/cordeliaalegre.com\/en\/wp-json\/wp\/v2\/media?parent=52"}],"curies":[{"name":"wp","href":"https:\/\/api.w.org\/{rel}","templated":true}]}}