{"id":272,"date":"2024-05-01T23:11:58","date_gmt":"2024-05-01T21:11:58","guid":{"rendered":"https:\/\/cordeliaalegre.com\/personalizar-cookies\/"},"modified":"2024-05-01T23:11:58","modified_gmt":"2024-05-01T21:11:58","slug":"personalizar-cookies","status":"publish","type":"page","link":"https:\/\/cordeliaalegre.com\/cat\/personalizar-cookies\/","title":{"rendered":"Personalizar Cookies"},"content":{"rendered":"<div>\n      <div id=\"custom-cookies-eu-label\">\n          El sitio Web https:\/\/cordeliaalegre.com utiliza cookies propias  para su correcto funcionamiento. Al hacer clic en el bot\u00f3n Aceptar, acepta el uso de estas tecnolog\u00edas y el procesamiento de sus datos para estos prop\u00f3sitos.          \n\n      <\/div>\n\n      <div id=\"custom-cookies-eu-buttons\" class=\"cookies-eu-buttons\">\n        <button id=\"custom-cookies-eu-reject\" class=\"cookies-eu-reject\">Rebutjar<\/button>\n        <button id=\"custom-cookies-eu-accept\" class=\"cookies-eu-accept\">ACEPTAR TODAS LAS COOKIES<\/button><\/div>\n      <\/div>\n\n<br\/>\n<p>\n\tPuedes cambiar tus preferencias de cookies en cualquier momento si vuelves a la p\u00e1gina de Personalizar cookies, a la que puedes acceder a trav\u00e9s del Aviso de cookies. Para obtener m\u00e1s informaci\u00f3n sobre las cookies y c\u00f3mo las usamos, consulta la p\u00e1gina de <a href=\"https:\/\/cordeliaalegre.com\/cat\/politica-de-cookies\/\">Galetes pol\u00edtica<\/a>.\n<\/p>\n\n<h3>Cookies t\u00e9cnicas<\/h3>\n<p>\n\tSon aquellas que permiten a los usuarios registrados navegar a trav\u00e9s del sitio Web, del \u00e1rea restringida y a utilizar sus diferentes funciones, como por ejemplo, el sistema de comentarios o el buscador y no pueden ser desactivadas.\n<\/p>","protected":false},"excerpt":{"rendered":"<p>El sitio Web https:\/\/cordeliaalegre.com utiliza cookies propias para su correcto funcionamiento. Al hacer clic en el bot\u00f3n Aceptar, acepta el uso de estas tecnolog\u00edas y el procesamiento de sus datos para estos prop\u00f3sitos. Rechazar ACEPTAR TODAS LAS COOKIES Puedes cambiar tus preferencias de cookies en cualquier momento si vuelves a la p\u00e1gina de Personalizar cookies, a la que puedes acceder a trav\u00e9s del Aviso de cookies. Para obtener m\u00e1s informaci\u00f3n sobre las cookies y c\u00f3mo las usamos, consulta la p\u00e1gina de Pol\u00edtica de Cookies. Cookies t\u00e9cnicas Son aquellas que permiten a los usuarios registrados navegar a trav\u00e9s del sitio Web, del \u00e1rea restringida y a utilizar sus diferentes funciones, como por ejemplo, el sistema de comentarios o el buscador y no pueden ser desactivadas.<\/p>","protected":false},"author":3,"featured_media":0,"parent":0,"menu_order":0,"comment_status":"closed","ping_status":"closed","template":"","meta":{"_acf_changed":false,"footnotes":""},"class_list":["post-272","page","type-page","status-publish","hentry"],"acf":[],"_links":{"self":[{"href":"https:\/\/cordeliaalegre.com\/cat\/wp-json\/wp\/v2\/pages\/272","targetHints":{"allow":["GET"]}}],"collection":[{"href":"https:\/\/cordeliaalegre.com\/cat\/wp-json\/wp\/v2\/pages"}],"about":[{"href":"https:\/\/cordeliaalegre.com\/cat\/wp-json\/wp\/v2\/types\/page"}],"author":[{"embeddable":true,"href":"https:\/\/cordeliaalegre.com\/cat\/wp-json\/wp\/v2\/users\/3"}],"replies":[{"embeddable":true,"href":"https:\/\/cordeliaalegre.com\/cat\/wp-json\/wp\/v2\/comments?post=272"}],"version-history":[{"count":0,"href":"https:\/\/cordeliaalegre.com\/cat\/wp-json\/wp\/v2\/pages\/272\/revisions"}],"wp:attachment":[{"href":"https:\/\/cordeliaalegre.com\/cat\/wp-json\/wp\/v2\/media?parent=272"}],"curies":[{"name":"wp","href":"https:\/\/api.w.org\/{rel}","templated":true}]}}